{"id":2702,"date":"2017-07-09T10:53:07","date_gmt":"2017-07-09T08:53:07","guid":{"rendered":"http:\/\/www.final-memory.org\/?page_id=2702"},"modified":"2017-07-09T10:53:07","modified_gmt":"2017-07-09T08:53:07","slug":"alienware-alpha-review","status":"publish","type":"page","link":"https:\/\/www.final-memory.org\/?page_id=2702","title":{"rendered":"Alienware Alpha Review"},"content":{"rendered":"<figure id=\"attachment_2706\" aria-describedby=\"caption-attachment-2706\" style=\"width: 480px\" class=\"wp-caption alignleft\"><img loading=\"lazy\" decoding=\"async\" class=\"size-full wp-image-2706\" src=\"http:\/\/www.final-memory.org\/wp-content\/uploads\/2017\/07\/AlienwareAlpha_1.jpg\" alt=\"SSBs Alienware Alpha mit Xbox 360 Controller\" width=\"480\" height=\"320\" srcset=\"https:\/\/www.final-memory.org\/wp-content\/uploads\/2017\/07\/AlienwareAlpha_1.jpg 480w, https:\/\/www.final-memory.org\/wp-content\/uploads\/2017\/07\/AlienwareAlpha_1-300x200.jpg 300w\" sizes=\"auto, (max-width: 480px) 85vw, 480px\" \/><figcaption id=\"caption-attachment-2706\" class=\"wp-caption-text\">SSBs Alienware Alpha mit Xbox 360 Controller<\/figcaption><\/figure>\n<p>Im Sommer 2015 habe ich mir einen neuen Gaming-PC angeschafft. Traditionell bin ich PC Gamer, wenn ich nicht gerade mit Retrosystemen, etwa meinem Atari STE, \u00a0spiele. Aus diesem Grund waren weder eine Xbox 360 oder PS3 damals f\u00fcr mich attraktiv.<\/p>\n<p>Ich habe in \u00fcber 20 Jahren eine gewisse Softwarebibliothek an Spielen gesammelt. Daher war f\u00fcr mich eine Kompatibilit\u00e4t mit Windows entscheidend. <a href=\"http:\/\/store.steampowered.com\/\">Steam<\/a> gegen\u00fcber war ich bis dato etwas vorsichtig gewesen, aber ich hatte schon ein paar Titel und irgendwann ist der Schrank mit CDs und DVDs voll. Vorallem bietet Steam eine recht gute Auswahl an Titeln und ab und an Sonderangebote, bei denen es verschiedenste Titel heruntergesetzt gibt. H\u00e4tte ich mich f\u00fcr eine aktuelle Konsole entschieden, h\u00e4tte ich alle Software neu erwerben m\u00fcssen.<\/p>\n<p>Die Idee der <a href=\"https:\/\/en.wikipedia.org\/wiki\/Steam_Machine_(hardware_platform)\">Steambox<\/a> hatte mich vorher schon interessiert, da ich den Hybrid zwischen reiner Konsole und vollwertigem PC als guten Kompromiss empfinde, wenn man schon wie ich eine Softwarebibliothek aus dem PC Bereich hat. Neueinsteiger sollten sich klar f\u00fcr eine reine Konsole entscheiden, da ist der Aufwand und Frust geringer.<\/p>\n<p><a href=\"http:\/\/store.steampowered.com\/steamos\">Steam OS<\/a> war damals schon verf\u00fcgbar, aber ich zog es nicht in Betracht, da es meinem Ansatz der Wiederverwendung von existierender Software nicht entsprach.<\/p>\n<p>Mir war aber ein kleiner Formfaktor f\u00fcr die Transportierbarkeit und ein geringer Ger\u00e4usch- und W\u00e4rmepegel wichtig. Aus diesem Grund zog ich m\u00f6glichst kompakte Ger\u00e4te und eben Steamboxen in Betracht.<\/p>\n<p>Also bestellte ich mir damals bei Amazon die Alienware Alpha in einer etwas aufgebohrten Version mit Windows 8.1, da mir das Grundmodell preislich nicht im Vergleich zur Leistung nicht zusagte, mit mehr Speicher und Platte aber dann schon. Im Lieferumfang war auch ein <a href=\"https:\/\/en.wikipedia.org\/wiki\/Xbox_360_controller\">Xbox 360 Controller<\/a>, zu dem ich mir gleich einen zweiten orderte.<\/p>\n<h2>Erster Eindruck<\/h2>\n<p>Das Ger\u00e4t ist sch\u00f6n klein und kompakt, 20x20x5cm, mit gef\u00e4lligem schwarzen Geh\u00e4use. Der Einschaltknopf als Logo von <a href=\"http:\/\/www.alienware.de\/\">Alienware<\/a> ist einstellbar beleuchtet und ein nettes Feature. Das Netzteil ist extern, Tastatur oder Maus sind nicht im Lieferumfang. Der Anspruch des Produktes ist es, wirklich als Spielkonsole f\u00fcr das Wohnzimmer zu erscheinen. Bis auf minimale Beschreibungen waren keine Anleitungen oder Datentr\u00e4ger enthalten.<\/p>\n<h2>Technische Eigenschaften<\/h2>\n<ul>\n<li>Intel Core-i5 4590T, 3GHz<\/li>\n<li>8GB RAM<\/li>\n<li>2TB Festplatte<\/li>\n<li>Windows 8.1<\/li>\n<\/ul>\n<p>Das Ger\u00e4t hat 4 von aussen zug\u00e4ngliche USB Anschl\u00fcsse, Netzwerk, HDMI In und Out, LAN, intern Wifi und Bluetooth. Unter einer Klappe ist ein versteckter USB Anschlu\u00df, etwa f\u00fcr ein Logitechdongle. Per Adapter kann man das Ger\u00e4t auch an einem DVI Eingang betreiben, dann fehlt allerdings der Sound.<\/p>\n<figure id=\"attachment_2708\" aria-describedby=\"caption-attachment-2708\" style=\"width: 480px\" class=\"wp-caption alignleft\"><img loading=\"lazy\" decoding=\"async\" class=\"size-full wp-image-2708\" src=\"http:\/\/www.final-memory.org\/wp-content\/uploads\/2017\/07\/AlienwareAlpha_3.jpg\" alt=\"Alienware Alpha R\u00fcckseite\" width=\"480\" height=\"211\" srcset=\"https:\/\/www.final-memory.org\/wp-content\/uploads\/2017\/07\/AlienwareAlpha_3.jpg 480w, https:\/\/www.final-memory.org\/wp-content\/uploads\/2017\/07\/AlienwareAlpha_3-300x132.jpg 300w\" sizes=\"auto, (max-width: 480px) 85vw, 480px\" \/><figcaption id=\"caption-attachment-2708\" class=\"wp-caption-text\">Alienware Alpha R\u00fcckseite<\/figcaption><\/figure>\n<p>Leider hat das Ger\u00e4te keine unabh\u00e4ngigen Audioanschl\u00fcsse. Ich machte die Erfahrung, da\u00df nicht alle Titel mit Bluetoothkopfh\u00f6rern zusammenarbeiten, daher besorgte ich mir noch f\u00fcr den Fall der F\u00e4lle eine USB Soundkarte von CreativeLabs. Diese funktioniert ohne Mucken durch Einstecken und man kann dann einen klassischen Kopfh\u00f6rer anschlie\u00dfen und bekommt auch Ton in Spielen, die \u00fcber Bluetooth nicht wollen.<\/p>\n<p>CPU, Festplatte und RAM sind prinzipiell austauschbar. Die Grafikeinheit von NVIDIA ist festverbaut und nicht austauschbar. Sie stammt urspr\u00fcnglich aus dem Notebookbereich und ist gef\u00fchlt f\u00fcr 2015 etwa auf der H\u00f6he der Zeit im mittleren Performancesegment. Diesen Kompromiss muss man f\u00fcr den kleinen Formfaktor und Laufruhe eingehen.<\/p>\n<p>Die L\u00fcfter sind h\u00f6rbar, vorallem bei performancehungrigen Titeln, aber insgesamt ist das Ger\u00e4usch angenehm und ertr\u00e4glich. Im Vergleich ist eine alte Xbox 1 ein lauter Brummer.<\/p>\n<p>Optische Laufwerke muss man \u00fcber USB anschlie\u00dfen, ich empfehle aber die Verwendung von ISO-Images, wenn ein Spiel tats\u00e4chlich noch von einem klassischen Medium kommt. Das ist ruhiger und f\u00fcr irgendetwas muss die gro\u00dfe Platte ja gut sein.<\/p>\n<h2>Software<\/h2>\n<figure id=\"attachment_2714\" aria-describedby=\"caption-attachment-2714\" style=\"width: 300px\" class=\"wp-caption alignleft\"><img loading=\"lazy\" decoding=\"async\" class=\"size-medium wp-image-2714\" src=\"http:\/\/www.final-memory.org\/wp-content\/uploads\/2017\/07\/AlphaUI-300x169.jpg\" alt=\"Original Alpha UI as shipped with the Alienware Alpha\" width=\"300\" height=\"169\" srcset=\"https:\/\/www.final-memory.org\/wp-content\/uploads\/2017\/07\/AlphaUI-300x169.jpg 300w, https:\/\/www.final-memory.org\/wp-content\/uploads\/2017\/07\/AlphaUI-768x432.jpg 768w, https:\/\/www.final-memory.org\/wp-content\/uploads\/2017\/07\/AlphaUI.jpg 970w\" sizes=\"auto, (max-width: 300px) 85vw, 300px\" \/><figcaption id=\"caption-attachment-2714\" class=\"wp-caption-text\">Original Alpha UI as shipped with the Alienware Alpha<\/figcaption><\/figure>\n<p>Bei Auslieferung war Windows 8.1 und eine eigene AlphaUI installiert. Letztere erlaubte eine minimale Konsolenm\u00e4\u00dfige Bedienung, hatte aber ausser der M\u00f6glichkeit, Steam im &#8220;Big Picture&#8221;-Modus zu starten, keine weiteren Features. Ich bootete das Ger\u00e4t dann in den Desktop und arbeitete erstmal damit. Ein Backup zur Systemneuinstallation von einem USB Stick konnte man auch anfertigen.<\/p>\n<p>Nach Einspielen der Updates von Alienware selbst wurde mir anstelle des Alpha UI das Hivemind UI installiert, und mit diesem bin ich sehr zufrieden. Auf Basis von Kodi\/XBMC bekommt das Ger\u00e4t so eine sch\u00f6ne \u00a0Bedienoberfl\u00e4che mit Controllersupport, von der man Spiele direkt starten kann, auch Titel, die nicht in Steam eingebunden sind. Man bekommt gratis Mediacenterfeatures und kann Videos anschauen, Musik aus Freigaben h\u00f6ren und schnell Fotos anschauen.<\/p>\n<figure id=\"attachment_2715\" aria-describedby=\"caption-attachment-2715\" style=\"width: 300px\" class=\"wp-caption alignright\"><img loading=\"lazy\" decoding=\"async\" class=\"size-medium wp-image-2715\" src=\"http:\/\/www.final-memory.org\/wp-content\/uploads\/2017\/07\/HivemindUI-300x189.jpg\" alt=\"Hivemind UI\" width=\"300\" height=\"189\" srcset=\"https:\/\/www.final-memory.org\/wp-content\/uploads\/2017\/07\/HivemindUI-300x189.jpg 300w, https:\/\/www.final-memory.org\/wp-content\/uploads\/2017\/07\/HivemindUI-768x483.jpg 768w, https:\/\/www.final-memory.org\/wp-content\/uploads\/2017\/07\/HivemindUI.jpg 868w\" sizes=\"auto, (max-width: 300px) 85vw, 300px\" \/><figcaption id=\"caption-attachment-2715\" class=\"wp-caption-text\">Hivemind UI<\/figcaption><\/figure>\n<p>Viele Software ist aber nicht auf den konsolenm\u00e4\u00dfigen Betrieb optimiert. Entweder ist es unm\u00f6glich, ohne externe Tools, die Programme komplett mit Controller zu bedienen, Schriften werden zu klein oder es muss doch mit der Maus geklickt werden. Das Problem mit dem Controller kann man mit dem Tool <a href=\"http:\/\/xpadder.com\">Xpadder<\/a> umgehen. Allerdings ist dies \u00fcber Hivemind UI nicht gut erreichbar, sondern ben\u00f6tigt weiterhin Windows im Desktopmodus.<\/p>\n<p>Wenn sie einmal laufen, arbeiten Spiele wie auf einem anderen Windows PC mit der Performance der Alienware Alpha. F\u00fcr meine Zwecke ist das v\u00f6llig ausreichend, zur Not dreht man die Bildqualit\u00e4t halt runter. 4K Pixel bei 60fps kann man halt von einem leisen kompakten Gaming-PC nicht erwarten. F\u00fcr Indietitel, Emulatoren und \u00e4ltere PC-Titel (die sind eh meist g\u00fcnstiger) ist das Ger\u00e4t ausreichend flott.<\/p>\n<p><a href=\"http:\/\/www.retroarch.com\">Retroarch<\/a> und <a href=\"http:\/\/mamedev.org\/\">MAME<\/a> erlauben einen konsolenm\u00e4\u00dfigen Zugriff auf bekannte Emulatoren und damit jede Menge Retrosysteme. Beide kann man auf reinen Betrieb mit dem Xbox 360 Controller konfigurieren und so auch ohne Tastatur und Maus gut zocken. Mit diesem Feature braucht man keinen <a href=\"https:\/\/retropie.org.uk\/\">Retropie<\/a> mehr.<\/p>\n<p>Da ich nur mit dem Ger\u00e4t spiele, kann ich im Schadenfalls auch einfach alles neuinstallieren. Das vereinfacht die Handhabung, keine Backups von Windowssystemen mehr.<\/p>\n<h2>Gesamteindruck<\/h2>\n<ul>\n<li>sch\u00f6n kompakt<\/li>\n<li>angenehmer Ger\u00e4uschpegel<\/li>\n<li>vollkompatibeler Windows PC<\/li>\n<li>ausreichend Leistung<\/li>\n<li>Steam OS installierbar (ich meine, wenig sp\u00e4ter wurde die Alienware Alpha auch offiziell mit Steam OS verkauft)<\/li>\n<li>Festplatte ist langsam (st\u00f6rt mich nicht)<\/li>\n<li>Controllermapping nicht als Defaultfeature<\/li>\n<\/ul>\n<p>Ich bin mit meinem Kauf f\u00fcr meine pers\u00f6nlichen Anforderungen zufrieden. So brauche ich meine Workstation nicht mehr zum Spielen zu belasten und ben\u00f6tige keinen Dualboot mehr. Als Bootloader f\u00fcr Spiele langt mir Windows 8.1 auch v\u00f6llig, zumal es h\u00e4ufig genug bei mir hinter dem Hivemind UI versteckt wird.<\/p>\n<p>Pro-Gamer mit hohen Anspr\u00fcchen an die PC-Leistung werden mit dem Ger\u00e4t nicht zufrieden sein, f\u00fcr mich ist der Kompromiss zwischen Konsole und PC gelungen. Wenn ich wollte, k\u00f6nnte ich auch auf der Alienware Alpha wie mit einem regul\u00e4ren Windows PC arbeiten.<\/p>\n<p>F\u00fcr mich war dies die perfekte Anschaffung f\u00fcr meinen Anwendungsfall!<\/p>\n<div id=\"facebook_like\"><iframe src=\"http:\/\/www.facebook.com\/plugins\/like.php?href=https%3A%2F%2Fwww.final-memory.org%2F%3Fpage_id%3D2702&amp;layout=standard&amp;show_faces=true&amp;width=500&amp;action=like&amp;font=segoe+ui&amp;colorscheme=light&amp;height=80\" scrolling=\"no\" frameborder=\"0\" style=\"border:none; overflow:hidden; width:500px; height:80px;\" allowTransparency=\"true\"><\/iframe><\/div>","protected":false},"excerpt":{"rendered":"<p>Im Sommer 2015 habe ich mir einen neuen Gaming-PC angeschafft. Traditionell bin ich PC Gamer, wenn ich nicht gerade mit Retrosystemen, etwa meinem Atari STE, \u00a0spiele. Aus diesem Grund waren weder eine Xbox 360 oder PS3 damals f\u00fcr mich attraktiv. Ich habe in \u00fcber 20 Jahren eine gewisse Softwarebibliothek an Spielen gesammelt. Daher war f\u00fcr &hellip; <a href=\"https:\/\/www.final-memory.org\/?page_id=2702\" class=\"more-link\">Continue reading<span class=\"screen-reader-text\"> &#8220;Alienware Alpha Review&#8221;<\/span><\/a><\/p>\n","protected":false},"author":2,"featured_media":0,"parent":0,"menu_order":0,"comment_status":"closed","ping_status":"closed","template":"","meta":{"footnotes":""},"class_list":["post-2702","page","type-page","status-publish","hentry"],"_links":{"self":[{"href":"https:\/\/www.final-memory.org\/index.php?rest_route=\/wp\/v2\/pages\/2702","targetHints":{"allow":["GET"]}}],"collection":[{"href":"https:\/\/www.final-memory.org\/index.php?rest_route=\/wp\/v2\/pages"}],"about":[{"href":"https:\/\/www.final-memory.org\/index.php?rest_route=\/wp\/v2\/types\/page"}],"author":[{"embeddable":true,"href":"https:\/\/www.final-memory.org\/index.php?rest_route=\/wp\/v2\/users\/2"}],"replies":[{"embeddable":true,"href":"https:\/\/www.final-memory.org\/index.php?rest_route=%2Fwp%2Fv2%2Fcomments&post=2702"}],"version-history":[{"count":12,"href":"https:\/\/www.final-memory.org\/index.php?rest_route=\/wp\/v2\/pages\/2702\/revisions"}],"predecessor-version":[{"id":2718,"href":"https:\/\/www.final-memory.org\/index.php?rest_route=\/wp\/v2\/pages\/2702\/revisions\/2718"}],"wp:attachment":[{"href":"https:\/\/www.final-memory.org\/index.php?rest_route=%2Fwp%2Fv2%2Fmedia&parent=2702"}],"curies":[{"name":"wp","href":"https:\/\/api.w.org\/{rel}","templated":true}]}}