{"id":2,"date":"2007-07-02T17:48:24","date_gmt":"2007-07-02T15:48:24","guid":{"rendered":""},"modified":"2007-07-02T18:05:31","modified_gmt":"2007-07-02T16:05:31","slug":"about","status":"publish","type":"page","link":"https:\/\/www.final-memory.org\/?page_id=2","title":{"rendered":"About"},"content":{"rendered":"<p><strong>&#8220;Final Memory&#8221;<\/strong> &#8211; das endg\u00fcltige Ged\u00e4chtnis.<\/p>\n<p>Dies ist das Blog und die pers\u00f6nliche Seite von <a href=\"mailto:marndt@final-memory.org\">Matthias Arndt<\/a>. Wann immer ich etwas Interessantes zu erz\u00e4hlen habe, dann wird das hier erscheinen. Ich lege mich auch inhaltlich nicht fest.\u00a0 Von Hobbies \u00fcber Politik bis zu Linuxkram und Atari ST bezogenen Themen kann und wird hier alles m\u00f6gliche erscheinen. Insbesondere aber ab und an Berichte aus dem <a href=\"http:\/\/www.lehrbergwerk.de\/\">Lehrbergwerk<\/a>.<\/p>\n<p><em>Rock&#8217;n&#8217;Roll is the thing &#8211; Jerry Lee is the king!<\/em><\/p>\n<div id=\"facebook_like\"><iframe src=\"http:\/\/www.facebook.com\/plugins\/like.php?href=https%3A%2F%2Fwww.final-memory.org%2F%3Fpage_id%3D2&amp;layout=standard&amp;show_faces=true&amp;width=500&amp;action=like&amp;font=segoe+ui&amp;colorscheme=light&amp;height=80\" scrolling=\"no\" frameborder=\"0\" style=\"border:none; overflow:hidden; width:500px; height:80px;\" allowTransparency=\"true\"><\/iframe><\/div>","protected":false},"excerpt":{"rendered":"<p>&#8220;Final Memory&#8221; &#8211; das endg\u00fcltige Ged\u00e4chtnis. Dies ist das Blog und die pers\u00f6nliche Seite von Matthias Arndt. Wann immer ich etwas Interessantes zu erz\u00e4hlen habe, dann wird das hier erscheinen. Ich lege mich auch inhaltlich nicht fest.\u00a0 Von Hobbies \u00fcber Politik bis zu Linuxkram und Atari ST bezogenen Themen kann und wird hier alles m\u00f6gliche &hellip; <a href=\"https:\/\/www.final-memory.org\/?page_id=2\" class=\"more-link\">Continue reading<span class=\"screen-reader-text\"> &#8220;About&#8221;<\/span><\/a><\/p>\n","protected":false},"author":2,"featured_media":0,"parent":0,"menu_order":0,"comment_status":"open","ping_status":"open","template":"","meta":{"footnotes":""},"class_list":["post-2","page","type-page","status-publish","hentry"],"_links":{"self":[{"href":"https:\/\/www.final-memory.org\/index.php?rest_route=\/wp\/v2\/pages\/2","targetHints":{"allow":["GET"]}}],"collection":[{"href":"https:\/\/www.final-memory.org\/index.php?rest_route=\/wp\/v2\/pages"}],"about":[{"href":"https:\/\/www.final-memory.org\/index.php?rest_route=\/wp\/v2\/types\/page"}],"author":[{"embeddable":true,"href":"https:\/\/www.final-memory.org\/index.php?rest_route=\/wp\/v2\/users\/2"}],"replies":[{"embeddable":true,"href":"https:\/\/www.final-memory.org\/index.php?rest_route=%2Fwp%2Fv2%2Fcomments&post=2"}],"version-history":[{"count":0,"href":"https:\/\/www.final-memory.org\/index.php?rest_route=\/wp\/v2\/pages\/2\/revisions"}],"wp:attachment":[{"href":"https:\/\/www.final-memory.org\/index.php?rest_route=%2Fwp%2Fv2%2Fmedia&parent=2"}],"curies":[{"name":"wp","href":"https:\/\/api.w.org\/{rel}","templated":true}]}}