{"id":1559,"date":"2010-05-24T15:19:44","date_gmt":"2010-05-24T13:19:44","guid":{"rendered":"http:\/\/www.final-memory.org\/?page_id=1559"},"modified":"2012-06-16T16:19:11","modified_gmt":"2012-06-16T14:19:11","slug":"spielekompatibilitat-windows-7","status":"publish","type":"page","link":"https:\/\/www.final-memory.org\/?page_id=1559","title":{"rendered":"Spielekompatibilit\u00e4t Windows 7"},"content":{"rendered":"<p>Hier m\u00f6chte ich eine kurze Liste von PC Spielen geben, die ich selber unter Windows 7 Home Premium ausprobiert habe. Die meisten meiner Spiele sind \u00e4lteren Datums, 1997-2002, daher ist dort die Frage nach der Kompatibilit\u00e4t besonders interessant. Alles ab 2007\/2008 sollte eigentlich ohne Probleme laufen.<\/p>\n<p>Ein gl\u00fccklicher Smilie (<img loading=\"lazy\" decoding=\"async\" src=\"http:\/\/www.final-memory.org\/wp-content\/uploads\/2010\/05\/smile.png\" alt=\"smile\" width=\"24\" height=\"24\" \/>) besagt, Spiel l\u00e4uft soweit ok, ein ungl\u00fccklicher Smilie (<img loading=\"lazy\" decoding=\"async\" src=\"http:\/\/www.final-memory.org\/wp-content\/uploads\/2010\/05\/disappointed.png\" alt=\"disappointed\" width=\"24\" height=\"24\" \/>) besagt, das jeweilige Spiel l\u00e4uft leider auch ohne Kompatibilit\u00e4tsmodus nicht oder nur mit indiskutabelen Einschr\u00e4nkungen.<\/p>\n<table border=\"1\">\n<tbody>\n<tr>\n<td><strong>Spiel<\/strong><\/td>\n<td><strong>Kommentar<\/strong><\/td>\n<td><strong>Kompatibilit\u00e4t<\/strong><\/td>\n<\/tr>\n<tr>\n<td><em>Afrika Korps vs Desert Rats<\/em><\/td>\n<td><\/td>\n<td><span style=\"color: #008000;\"><img loading=\"lazy\" decoding=\"async\" class=\"aligncenter size-full wp-image-1560\" title=\"smile\" src=\"http:\/\/www.final-memory.org\/wp-content\/uploads\/2010\/05\/smile.png\" alt=\"smile\" width=\"24\" height=\"24\" \/><br \/>\n<\/span><\/td>\n<\/tr>\n<tr>\n<td><em>Anno 1503<\/em><\/td>\n<td><\/td>\n<td><span style=\"color: #008000;\"><img loading=\"lazy\" decoding=\"async\" class=\"aligncenter size-full wp-image-1560\" title=\"smile\" src=\"http:\/\/www.final-memory.org\/wp-content\/uploads\/2010\/05\/smile.png\" alt=\"smile\" width=\"24\" height=\"24\" \/><br \/>\n<\/span><\/td>\n<\/tr>\n<tr>\n<td><em>Day Of Defeat v1.3<\/em><\/td>\n<td><\/td>\n<td><span style=\"color: #008000;\"><img loading=\"lazy\" decoding=\"async\" class=\"aligncenter size-full wp-image-1560\" title=\"smile\" src=\"http:\/\/www.final-memory.org\/wp-content\/uploads\/2010\/05\/smile.png\" alt=\"smile\" width=\"24\" height=\"24\" \/><br \/>\n<\/span><\/td>\n<\/tr>\n<tr>\n<td><span style=\"color: #ff0000;\"><em>Delta Force 2<\/em><\/span><\/td>\n<td>l\u00e4uft nicht, der Installer startet schon mit Kompatibilit\u00e4tsmodus nicht<\/td>\n<td><span style=\"color: #800000;\"><img loading=\"lazy\" decoding=\"async\" class=\"aligncenter size-full wp-image-1560\" src=\"http:\/\/www.final-memory.org\/wp-content\/uploads\/2010\/05\/disappointed.png\" alt=\"disappointed\" width=\"24\" height=\"24\" \/><br \/>\n<\/span><\/td>\n<\/tr>\n<tr>\n<td><em>Half-Life 1<\/em><\/td>\n<td><\/td>\n<td><span style=\"color: #008000;\"><img loading=\"lazy\" decoding=\"async\" class=\"aligncenter size-full wp-image-1560\" title=\"smile\" src=\"http:\/\/www.final-memory.org\/wp-content\/uploads\/2010\/05\/smile.png\" alt=\"smile\" width=\"24\" height=\"24\" \/><br \/>\n<\/span><\/td>\n<\/tr>\n<tr>\n<td><em>JFDuke3D<\/em><\/td>\n<td>Sound etwas komisch &#8211; vielleicht hilft die Kompatibilit\u00e4tseinstellung f\u00fcr XP<\/td>\n<td><span style=\"color: #008000;\"><img loading=\"lazy\" decoding=\"async\" class=\"aligncenter size-full wp-image-1560\" title=\"smile\" src=\"http:\/\/www.final-memory.org\/wp-content\/uploads\/2010\/05\/smile.png\" alt=\"smile\" width=\"24\" height=\"24\" \/><br \/>\n<\/span><\/td>\n<\/tr>\n<tr>\n<td><em>KnightShift<\/em><\/td>\n<td><\/td>\n<td><span style=\"color: #008000;\"><img loading=\"lazy\" decoding=\"async\" class=\"aligncenter size-full wp-image-1560\" title=\"smile\" src=\"http:\/\/www.final-memory.org\/wp-content\/uploads\/2010\/05\/smile.png\" alt=\"smile\" width=\"24\" height=\"24\" \/><br \/>\n<\/span><\/td>\n<\/tr>\n<tr>\n<td><span style=\"color: #ff0000;\"><em>Need for Speed Hot Pursuit 2<\/em><\/span><\/td>\n<td>l\u00e4uft nicht<\/td>\n<td><span style=\"color: #800000;\"><img loading=\"lazy\" decoding=\"async\" class=\"aligncenter size-full wp-image-1560\" src=\"http:\/\/www.final-memory.org\/wp-content\/uploads\/2010\/05\/disappointed.png\" alt=\"disappointed\" width=\"24\" height=\"24\" \/><br \/>\n<\/span><\/td>\n<\/tr>\n<tr>\n<td><em>Operation Flashpoint: Coldwar Crisis<\/em><\/td>\n<td>Patch v1.3 nicht vergessen<\/td>\n<td><span style=\"color: #008000;\"><img loading=\"lazy\" decoding=\"async\" class=\"aligncenter size-full wp-image-1560\" title=\"smile\" src=\"http:\/\/www.final-memory.org\/wp-content\/uploads\/2010\/05\/smile.png\" alt=\"smile\" width=\"24\" height=\"24\" \/><br \/>\n<\/span><\/td>\n<\/tr>\n<tr>\n<td><span style=\"color: #ff0000;\"><em>Pharao<\/em><\/span><\/td>\n<td>l\u00e4uft ohne Sound im Kompatibilit\u00e4tsmodus WIndows 2000 bzw XP<\/td>\n<td><span style=\"color: #800000;\"><img loading=\"lazy\" decoding=\"async\" class=\"aligncenter size-full wp-image-1560\" src=\"http:\/\/www.final-memory.org\/wp-content\/uploads\/2010\/05\/disappointed.png\" alt=\"disappointed\" width=\"24\" height=\"24\" \/><br \/>\n<\/span><\/td>\n<\/tr>\n<tr>\n<td><span style=\"color: #ff0000;\"><em>Rayman 2<\/em><\/span><\/td>\n<td>l\u00e4uft nicht<\/td>\n<td><span style=\"color: #800000;\"><img loading=\"lazy\" decoding=\"async\" class=\"aligncenter size-full wp-image-1560\" src=\"http:\/\/www.final-memory.org\/wp-content\/uploads\/2010\/05\/disappointed.png\" alt=\"disappointed\" width=\"24\" height=\"24\" \/><br \/>\n<\/span><\/td>\n<\/tr>\n<tr>\n<td><em>Star Trek: Elite Force 2<\/em><\/td>\n<td><\/td>\n<td><span style=\"color: #008000;\"><img loading=\"lazy\" decoding=\"async\" class=\"aligncenter size-full wp-image-1560\" title=\"smile\" src=\"http:\/\/www.final-memory.org\/wp-content\/uploads\/2010\/05\/smile.png\" alt=\"smile\" width=\"24\" height=\"24\" \/><br \/>\n<\/span><\/td>\n<\/tr>\n<tr>\n<td><em>Team Fortress Classic<\/em><\/td>\n<td><\/td>\n<td><span style=\"color: #008000;\"><img loading=\"lazy\" decoding=\"async\" class=\"aligncenter size-full wp-image-1560\" title=\"smile\" src=\"http:\/\/www.final-memory.org\/wp-content\/uploads\/2010\/05\/smile.png\" alt=\"smile\" width=\"24\" height=\"24\" \/><br \/>\n<\/span><\/td>\n<\/tr>\n<tr>\n<td><em>Tomb Raider II<\/em><\/td>\n<td>Scheint gut zu Laufen<\/td>\n<td><span style=\"color: #008000;\"><img loading=\"lazy\" decoding=\"async\" class=\"aligncenter size-full wp-image-1560\" title=\"smile\" src=\"http:\/\/www.final-memory.org\/wp-content\/uploads\/2010\/05\/smile.png\" alt=\"smile\" width=\"24\" height=\"24\" \/><br \/>\n<\/span><\/td>\n<\/tr>\n<tr>\n<td><em>Tomb Raider III  Adventures of Lara Croft<\/em><\/td>\n<td>Scheint gut zu Laufen, alle Spielst\u00e4nde einfach ins Installationsverzeichnis reinkopieren<\/td>\n<td><span style=\"color: #008000;\"><img loading=\"lazy\" decoding=\"async\" class=\"aligncenter size-full wp-image-1560\" title=\"smile\" src=\"http:\/\/www.final-memory.org\/wp-content\/uploads\/2010\/05\/smile.png\" alt=\"smile\" width=\"24\" height=\"24\" \/><br \/>\n<\/span><\/td>\n<\/tr>\n<tr>\n<td><em>Tomb Raider: The Angel of Darkness<\/em><\/td>\n<td><\/td>\n<td><span style=\"color: #008000;\"><img loading=\"lazy\" decoding=\"async\" class=\"aligncenter size-full wp-image-1560\" title=\"smile\" src=\"http:\/\/www.final-memory.org\/wp-content\/uploads\/2010\/05\/smile.png\" alt=\"smile\" width=\"24\" height=\"24\" \/><br \/>\n<\/span><\/td>\n<\/tr>\n<tr>\n<td><em>Unreal<\/em><\/td>\n<td>PC Games Heftbeilage CD<\/td>\n<td><span style=\"color: #008000;\"><img loading=\"lazy\" decoding=\"async\" class=\"aligncenter size-full wp-image-1560\" title=\"smile\" src=\"http:\/\/www.final-memory.org\/wp-content\/uploads\/2010\/05\/smile.png\" alt=\"smile\" width=\"24\" height=\"24\" \/><br \/>\n<\/span><\/td>\n<\/tr>\n<\/tbody>\n<\/table>\n<p>Die folgenden Emulatoren habe ich auch soweit relevant kurz gepr\u00fcft:<\/p>\n<table border=\"1\">\n<tbody>\n<tr>\n<td><strong>Emulator<\/strong><\/td>\n<td><strong>Kommentar<\/strong><\/td>\n<td><strong>Kompatibilit\u00e4t<\/strong><\/td>\n<\/tr>\n<tr>\n<td><em>STEEM<\/em><\/td>\n<td>nur mit Kompatibilit\u00e4tsmodus Windows XP<\/td>\n<td><span style=\"color: #008000;\"><img loading=\"lazy\" decoding=\"async\" class=\"aligncenter size-full wp-image-1560\" title=\"smile\" src=\"http:\/\/www.final-memory.org\/wp-content\/uploads\/2010\/05\/smile.png\" alt=\"smile\" width=\"24\" height=\"24\" \/><br \/>\n<\/span><\/td>\n<\/tr>\n<tr>\n<td><em>WinUAE<\/em><\/td>\n<td>nur mit Kompatibilit\u00e4tsmodus Windows XP<\/td>\n<td><span style=\"color: #008000;\"><img loading=\"lazy\" decoding=\"async\" class=\"aligncenter size-full wp-image-1560\" title=\"smile\" src=\"http:\/\/www.final-memory.org\/wp-content\/uploads\/2010\/05\/smile.png\" alt=\"smile\" width=\"24\" height=\"24\" \/><br \/>\n<\/span><\/td>\n<\/tr>\n<\/tbody>\n<\/table>\n<div id=\"facebook_like\"><iframe src=\"http:\/\/www.facebook.com\/plugins\/like.php?href=https%3A%2F%2Fwww.final-memory.org%2F%3Fpage_id%3D1559&amp;layout=standard&amp;show_faces=true&amp;width=500&amp;action=like&amp;font=segoe+ui&amp;colorscheme=light&amp;height=80\" scrolling=\"no\" frameborder=\"0\" style=\"border:none; overflow:hidden; width:500px; height:80px;\" allowTransparency=\"true\"><\/iframe><\/div>","protected":false},"excerpt":{"rendered":"<p>Hier m\u00f6chte ich eine kurze Liste von PC Spielen geben, die ich selber unter Windows 7 Home Premium ausprobiert habe. Die meisten meiner Spiele sind \u00e4lteren Datums, 1997-2002, daher ist dort die Frage nach der Kompatibilit\u00e4t besonders interessant. Alles ab 2007\/2008 sollte eigentlich ohne Probleme laufen. Ein gl\u00fccklicher Smilie () besagt, Spiel l\u00e4uft soweit ok, &hellip; <a href=\"https:\/\/www.final-memory.org\/?page_id=1559\" class=\"more-link\">Continue reading<span class=\"screen-reader-text\"> &#8220;Spielekompatibilit\u00e4t Windows 7&#8221;<\/span><\/a><\/p>\n","protected":false},"author":2,"featured_media":0,"parent":0,"menu_order":0,"comment_status":"open","ping_status":"open","template":"","meta":{"footnotes":""},"class_list":["post-1559","page","type-page","status-publish","hentry"],"_links":{"self":[{"href":"https:\/\/www.final-memory.org\/index.php?rest_route=\/wp\/v2\/pages\/1559","targetHints":{"allow":["GET"]}}],"collection":[{"href":"https:\/\/www.final-memory.org\/index.php?rest_route=\/wp\/v2\/pages"}],"about":[{"href":"https:\/\/www.final-memory.org\/index.php?rest_route=\/wp\/v2\/types\/page"}],"author":[{"embeddable":true,"href":"https:\/\/www.final-memory.org\/index.php?rest_route=\/wp\/v2\/users\/2"}],"replies":[{"embeddable":true,"href":"https:\/\/www.final-memory.org\/index.php?rest_route=%2Fwp%2Fv2%2Fcomments&post=1559"}],"version-history":[{"count":28,"href":"https:\/\/www.final-memory.org\/index.php?rest_route=\/wp\/v2\/pages\/1559\/revisions"}],"predecessor-version":[{"id":2337,"href":"https:\/\/www.final-memory.org\/index.php?rest_route=\/wp\/v2\/pages\/1559\/revisions\/2337"}],"wp:attachment":[{"href":"https:\/\/www.final-memory.org\/index.php?rest_route=%2Fwp%2Fv2%2Fmedia&parent=1559"}],"curies":[{"name":"wp","href":"https:\/\/api.w.org\/{rel}","templated":true}]}}